{"id":8436,"date":"2020-04-10T15:37:32","date_gmt":"2020-04-10T13:37:32","guid":{"rendered":"https:\/\/www.florac-hotel-pontneuf.fr\/?page_id=8436"},"modified":"2020-05-12T18:44:58","modified_gmt":"2020-05-12T16:44:58","slug":"rooms","status":"publish","type":"page","link":"https:\/\/www.florac-hotel-pontneuf.fr\/en\/rooms\/","title":{"rendered":"Rooms"},"content":{"rendered":"<h2>\n\t\tThe rooms\n\t<\/h2>\n\t<p>Our Hotel-Restaurant Le Pont Neuf in Florac, the main town in the Parc National of C\u00e9vennes, offers 20 different rooms to meet all your needs. Whether you are alone, in couple or in a group, there is always a room waiting for you!<\/p>\n<h3>\n\t\tDouble rooms\n\t<\/h3>\n<h4>\n\t\t60\u20ac \/ night \n\t<\/h4>\n\t<p>Rooms with double bed, private bathroom and toilet, hair dryer, kettle, TV and Wifi WiFi.<\/p>\n<p>Possibility to add an extra single bed.<\/p>\n<p>View of the river Tarnon and the fractures and rock formations of the Causse M\u00e9jan. <\/p>\n<h3>\n\t\tTwin rooms\n\t<\/h3>\n<h4>\n\t\t60\u20ac \/ night\n\t<\/h4>\n\t<p>Rooms with two single beds, private bathroom and toilet, hair dryer, kettle, TV and Wifi.<\/p>\n<p>Possibility to add an extra single bed.<\/p>\n<p> View of the river Tarnon and the fractures and rock formations of the Causse M\u00e9jan. <\/p>\n\t\t\t<img decoding=\"async\" src=\"https:\/\/www.florac-hotel-pontneuf.fr\/wp-content\/uploads\/2019\/03\/CHAMBRE-2-LITS.jpg\" alt=\"\" \/>\t\t\t\n\t\t\t<img decoding=\"async\" src=\"https:\/\/www.florac-hotel-pontneuf.fr\/wp-content\/uploads\/2019\/03\/CHAMBRE-1-LIT.jpg\" alt=\"\" \/>\t\t\t\n<h3>\n\t\tTriple rooms\n\t<\/h3>\n<h4>\n\t\t70\u20ac \/ night\n\t<\/h4>\n\t<p>Rooms with one double bed and one single bed, possibility to add an extra single bed, private bathroom and toilet, hair dryer, kettle, TV and Wifi. <\/p>\n<p> View of the river Tarnon and the fractures and rock formations of the Causse M\u00e9jan. <\/p>\n\t\t\t\t\t\t\t\t\t\t<img decoding=\"async\" src=\"https:\/\/www.florac-hotel-pontneuf.fr\/wp-content\/uploads\/2020\/02\/2-chambre-sdb.jpg\" alt=\"2-chambre sdb\" \/>\n\t<a href=\"https:\/\/www.florac-hotel-pontneuf.fr\/contact\/\" target=\"_self\" class=\"pp-button\" role=\"button\" aria-label=\"Booking\">\n\t\t\t\tBooking\n\t\t\t<\/a>\n<h2>\n\t\tH\u00f4tel &#8211; Restaurant le Pont Neuf\n\t<\/h2>\n\t<p>25 Quartier de la Croisette<\/p>\n<p>48400 Florac-Trois-Rivi\u00e8res<\/p>\n\t<p>04 66 45 01 67<\/p>\n","protected":false},"excerpt":{"rendered":"<p>The rooms Our Hotel-Restaurant Le Pont Neuf in Florac, the main town in the Parc National of C\u00e9vennes, offers 20 different rooms to meet all your needs. Whether you are alone, in couple or in a group, there is always a room waiting for you! Double rooms 60\u20ac \/ night Rooms with double bed, private&hellip;<\/p>\n","protected":false},"author":1,"featured_media":0,"parent":0,"menu_order":0,"comment_status":"closed","ping_status":"closed","template":"","meta":{"_acf_changed":false,"footnotes":""},"class_list":["post-8436","page","type-page","status-publish","hentry"],"acf":[],"yoast_head":"<!-- This site is optimized with the Yoast SEO plugin v27.5 - https:\/\/yoast.com\/product\/yoast-seo-wordpress\/ -->\n<title>Rooms - H\u00f4tel le Pont Neuf - Florac - C\u00e9vennes National Park<\/title>\n<meta name=\"description\" content=\"Discover our rooms for 1, 2 or 3 persons in our hotel near to the center of Florac. Quiet hotel near to the river in the heart of the C\u00e9vennes National Park\" \/>\n<meta name=\"robots\" content=\"index, follow, max-snippet:-1, max-image-preview:large, max-video-preview:-1\" \/>\n<link rel=\"canonical\" href=\"https:\/\/www.florac-hotel-pontneuf.fr\/en\/rooms\/\" \/>\n<meta property=\"og:locale\" content=\"en_US\" \/>\n<meta property=\"og:type\" content=\"article\" \/>\n<meta property=\"og:title\" content=\"Rooms - H\u00f4tel le Pont Neuf - Florac - C\u00e9vennes National Park\" \/>\n<meta property=\"og:description\" content=\"Discover our rooms for 1, 2 or 3 persons in our hotel near to the center of Florac. Quiet hotel near to the river in the heart of the C\u00e9vennes National Park\" \/>\n<meta property=\"og:url\" content=\"https:\/\/www.florac-hotel-pontneuf.fr\/en\/rooms\/\" \/>\n<meta property=\"og:site_name\" content=\"H\u00f4tel le Pont Neuf - Florac\" \/>\n<meta property=\"article:modified_time\" content=\"2020-05-12T16:44:58+00:00\" \/>\n<meta property=\"og:image\" content=\"https:\/\/www.florac-hotel-pontneuf.fr\/wp-content\/uploads\/2019\/03\/CHAMBRE-2-LITS.jpg\" \/>\n<meta name=\"twitter:card\" content=\"summary_large_image\" \/>\n<meta name=\"twitter:label1\" content=\"Est. reading time\" \/>\n\t<meta name=\"twitter:data1\" content=\"1 minute\" \/>\n<script type=\"application\/ld+json\" class=\"yoast-schema-graph\">{\"@context\":\"https:\\\/\\\/schema.org\",\"@graph\":[{\"@type\":\"WebPage\",\"@id\":\"https:\\\/\\\/www.florac-hotel-pontneuf.fr\\\/en\\\/rooms\\\/\",\"url\":\"https:\\\/\\\/www.florac-hotel-pontneuf.fr\\\/en\\\/rooms\\\/\",\"name\":\"Rooms - H\u00f4tel le Pont Neuf - Florac - C\u00e9vennes National Park\",\"isPartOf\":{\"@id\":\"https:\\\/\\\/www.florac-hotel-pontneuf.fr\\\/en\\\/#website\"},\"primaryImageOfPage\":{\"@id\":\"https:\\\/\\\/www.florac-hotel-pontneuf.fr\\\/en\\\/rooms\\\/#primaryimage\"},\"image\":{\"@id\":\"https:\\\/\\\/www.florac-hotel-pontneuf.fr\\\/en\\\/rooms\\\/#primaryimage\"},\"thumbnailUrl\":\"https:\\\/\\\/www.florac-hotel-pontneuf.fr\\\/wp-content\\\/uploads\\\/2019\\\/03\\\/CHAMBRE-2-LITS.jpg\",\"datePublished\":\"2020-04-10T13:37:32+00:00\",\"dateModified\":\"2020-05-12T16:44:58+00:00\",\"description\":\"Discover our rooms for 1, 2 or 3 persons in our hotel near to the center of Florac. Quiet hotel near to the river in the heart of the C\u00e9vennes National Park\",\"breadcrumb\":{\"@id\":\"https:\\\/\\\/www.florac-hotel-pontneuf.fr\\\/en\\\/rooms\\\/#breadcrumb\"},\"inLanguage\":\"en-US\",\"potentialAction\":[{\"@type\":\"ReadAction\",\"target\":[\"https:\\\/\\\/www.florac-hotel-pontneuf.fr\\\/en\\\/rooms\\\/\"]}]},{\"@type\":\"ImageObject\",\"inLanguage\":\"en-US\",\"@id\":\"https:\\\/\\\/www.florac-hotel-pontneuf.fr\\\/en\\\/rooms\\\/#primaryimage\",\"url\":\"https:\\\/\\\/www.florac-hotel-pontneuf.fr\\\/wp-content\\\/uploads\\\/2019\\\/03\\\/CHAMBRE-2-LITS.jpg\",\"contentUrl\":\"https:\\\/\\\/www.florac-hotel-pontneuf.fr\\\/wp-content\\\/uploads\\\/2019\\\/03\\\/CHAMBRE-2-LITS.jpg\"},{\"@type\":\"BreadcrumbList\",\"@id\":\"https:\\\/\\\/www.florac-hotel-pontneuf.fr\\\/en\\\/rooms\\\/#breadcrumb\",\"itemListElement\":[{\"@type\":\"ListItem\",\"position\":1,\"name\":\"Home\",\"item\":\"https:\\\/\\\/www.florac-hotel-pontneuf.fr\\\/en\\\/\"},{\"@type\":\"ListItem\",\"position\":2,\"name\":\"Rooms\"}]},{\"@type\":\"WebSite\",\"@id\":\"https:\\\/\\\/www.florac-hotel-pontneuf.fr\\\/en\\\/#website\",\"url\":\"https:\\\/\\\/www.florac-hotel-pontneuf.fr\\\/en\\\/\",\"name\":\"H\u00f4tel le Pont Neuf - Florac\",\"description\":\"S\u00e9journez \u00e0 Florac en Loz\u00e8re\",\"potentialAction\":[{\"@type\":\"SearchAction\",\"target\":{\"@type\":\"EntryPoint\",\"urlTemplate\":\"https:\\\/\\\/www.florac-hotel-pontneuf.fr\\\/en\\\/?s={search_term_string}\"},\"query-input\":{\"@type\":\"PropertyValueSpecification\",\"valueRequired\":true,\"valueName\":\"search_term_string\"}}],\"inLanguage\":\"en-US\"}]}<\/script>\n<!-- \/ Yoast SEO plugin. -->","yoast_head_json":{"title":"Rooms - H\u00f4tel le Pont Neuf - Florac - C\u00e9vennes National Park","description":"Discover our rooms for 1, 2 or 3 persons in our hotel near to the center of Florac. Quiet hotel near to the river in the heart of the C\u00e9vennes National Park","robots":{"index":"index","follow":"follow","max-snippet":"max-snippet:-1","max-image-preview":"max-image-preview:large","max-video-preview":"max-video-preview:-1"},"canonical":"https:\/\/www.florac-hotel-pontneuf.fr\/en\/rooms\/","og_locale":"en_US","og_type":"article","og_title":"Rooms - H\u00f4tel le Pont Neuf - Florac - C\u00e9vennes National Park","og_description":"Discover our rooms for 1, 2 or 3 persons in our hotel near to the center of Florac. Quiet hotel near to the river in the heart of the C\u00e9vennes National Park","og_url":"https:\/\/www.florac-hotel-pontneuf.fr\/en\/rooms\/","og_site_name":"H\u00f4tel le Pont Neuf - Florac","article_modified_time":"2020-05-12T16:44:58+00:00","og_image":[{"url":"https:\/\/www.florac-hotel-pontneuf.fr\/wp-content\/uploads\/2019\/03\/CHAMBRE-2-LITS.jpg","type":"","width":"","height":""}],"twitter_card":"summary_large_image","twitter_misc":{"Est. reading time":"1 minute"},"schema":{"@context":"https:\/\/schema.org","@graph":[{"@type":"WebPage","@id":"https:\/\/www.florac-hotel-pontneuf.fr\/en\/rooms\/","url":"https:\/\/www.florac-hotel-pontneuf.fr\/en\/rooms\/","name":"Rooms - H\u00f4tel le Pont Neuf - Florac - C\u00e9vennes National Park","isPartOf":{"@id":"https:\/\/www.florac-hotel-pontneuf.fr\/en\/#website"},"primaryImageOfPage":{"@id":"https:\/\/www.florac-hotel-pontneuf.fr\/en\/rooms\/#primaryimage"},"image":{"@id":"https:\/\/www.florac-hotel-pontneuf.fr\/en\/rooms\/#primaryimage"},"thumbnailUrl":"https:\/\/www.florac-hotel-pontneuf.fr\/wp-content\/uploads\/2019\/03\/CHAMBRE-2-LITS.jpg","datePublished":"2020-04-10T13:37:32+00:00","dateModified":"2020-05-12T16:44:58+00:00","description":"Discover our rooms for 1, 2 or 3 persons in our hotel near to the center of Florac. Quiet hotel near to the river in the heart of the C\u00e9vennes National Park","breadcrumb":{"@id":"https:\/\/www.florac-hotel-pontneuf.fr\/en\/rooms\/#breadcrumb"},"inLanguage":"en-US","potentialAction":[{"@type":"ReadAction","target":["https:\/\/www.florac-hotel-pontneuf.fr\/en\/rooms\/"]}]},{"@type":"ImageObject","inLanguage":"en-US","@id":"https:\/\/www.florac-hotel-pontneuf.fr\/en\/rooms\/#primaryimage","url":"https:\/\/www.florac-hotel-pontneuf.fr\/wp-content\/uploads\/2019\/03\/CHAMBRE-2-LITS.jpg","contentUrl":"https:\/\/www.florac-hotel-pontneuf.fr\/wp-content\/uploads\/2019\/03\/CHAMBRE-2-LITS.jpg"},{"@type":"BreadcrumbList","@id":"https:\/\/www.florac-hotel-pontneuf.fr\/en\/rooms\/#breadcrumb","itemListElement":[{"@type":"ListItem","position":1,"name":"Home","item":"https:\/\/www.florac-hotel-pontneuf.fr\/en\/"},{"@type":"ListItem","position":2,"name":"Rooms"}]},{"@type":"WebSite","@id":"https:\/\/www.florac-hotel-pontneuf.fr\/en\/#website","url":"https:\/\/www.florac-hotel-pontneuf.fr\/en\/","name":"H\u00f4tel le Pont Neuf - Florac","description":"S\u00e9journez \u00e0 Florac en Loz\u00e8re","potentialAction":[{"@type":"SearchAction","target":{"@type":"EntryPoint","urlTemplate":"https:\/\/www.florac-hotel-pontneuf.fr\/en\/?s={search_term_string}"},"query-input":{"@type":"PropertyValueSpecification","valueRequired":true,"valueName":"search_term_string"}}],"inLanguage":"en-US"}]}},"_links":{"self":[{"href":"https:\/\/www.florac-hotel-pontneuf.fr\/en\/wp-json\/wp\/v2\/pages\/8436","targetHints":{"allow":["GET"]}}],"collection":[{"href":"https:\/\/www.florac-hotel-pontneuf.fr\/en\/wp-json\/wp\/v2\/pages"}],"about":[{"href":"https:\/\/www.florac-hotel-pontneuf.fr\/en\/wp-json\/wp\/v2\/types\/page"}],"author":[{"embeddable":true,"href":"https:\/\/www.florac-hotel-pontneuf.fr\/en\/wp-json\/wp\/v2\/users\/1"}],"replies":[{"embeddable":true,"href":"https:\/\/www.florac-hotel-pontneuf.fr\/en\/wp-json\/wp\/v2\/comments?post=8436"}],"version-history":[{"count":5,"href":"https:\/\/www.florac-hotel-pontneuf.fr\/en\/wp-json\/wp\/v2\/pages\/8436\/revisions"}],"predecessor-version":[{"id":8555,"href":"https:\/\/www.florac-hotel-pontneuf.fr\/en\/wp-json\/wp\/v2\/pages\/8436\/revisions\/8555"}],"wp:attachment":[{"href":"https:\/\/www.florac-hotel-pontneuf.fr\/en\/wp-json\/wp\/v2\/media?parent=8436"}],"curies":[{"name":"wp","href":"https:\/\/api.w.org\/{rel}","templated":true}]}}