{"id":8471,"date":"2020-04-15T17:32:52","date_gmt":"2020-04-15T15:32:52","guid":{"rendered":"https:\/\/www.florac-hotel-pontneuf.fr\/?page_id=8471"},"modified":"2020-05-12T18:55:23","modified_gmt":"2020-05-12T16:55:23","slug":"hiking","status":"publish","type":"page","link":"https:\/\/www.florac-hotel-pontneuf.fr\/en\/hiking\/","title":{"rendered":"Hiking"},"content":{"rendered":"<h2>\n\t\tHiking\n\t<\/h2>\n\t<p>You are in the Parc National des C\u00e9vennes, a UNESCO World Heritage site. There are different trails, suitable for all ages and abilities. A stunning view will accompany you every step of the way.<\/p>\n<p>Need more options\u00a0?<\/p>\n<p>&nbsp;<\/p>\n<ul>\n<li>\u00a0<a href=\"http:\/\/destination.cevennes-parcnational.fr\/?categories=T3\">Parc National des C\u00e9vennes<\/a> : You can find some easy hiking trails in different parts of the Park National des C\u00e9vennes; from 2 to 5 km, ideal for families!<\/li>\n<\/ul>\n<p>&nbsp;<\/p>\n<ul>\n<li><a href=\"https:\/\/www.cevennes-gorges-du-tarn.com\/randonnee?BalisageRecherche_1079[]=Jaune+PR\">Office de Tourisme Gorges du Tarn, Causses &amp; C\u00e9vennes <\/a>: You want harder hiking trails? Get in touch with the Office du Tourisme Gorges du Tarn, Causses &amp; C\u00e9vennes. They will help you to find some from 5 to 16km.<\/li>\n<\/ul>\n<h3>Would you like to discover our beautiful region?<\/h3>\n<p>Contact us now to book your journey!<\/p>\n\t\t\t<a href=\"https:\/\/www.florac-hotel-pontneuf.fr\/en\/contact-us\/\" target=\"_self\" role=\"button\" rel=\"noopener noreferrer\">\n\t\t\t\t\t\t\tBook a stay\n\t\t\t\t\t<\/a>\n<h2>\n\t\tH\u00f4tel &#8211; Restaurant le Pont Neuf\n\t<\/h2>\n\t<p>25 Quartier de la Croisette<\/p>\n<p>48400 Florac-Trois-Rivi\u00e8res<\/p>\n\t<p>04 66 45 01 67<\/p>\n","protected":false},"excerpt":{"rendered":"<p>Hiking You are in the Parc National des C\u00e9vennes, a UNESCO World Heritage site. There are different trails, suitable for all ages and abilities. A stunning view will accompany you every step of the way. Need more options\u00a0? &nbsp; \u00a0Parc National des C\u00e9vennes : You can find some easy hiking trails in different parts of&hellip;<\/p>\n","protected":false},"author":18,"featured_media":0,"parent":0,"menu_order":0,"comment_status":"closed","ping_status":"closed","template":"","meta":{"_acf_changed":false,"footnotes":""},"class_list":["post-8471","page","type-page","status-publish","hentry"],"acf":[],"yoast_head":"<!-- This site is optimized with the Yoast SEO plugin v27.5 - https:\/\/yoast.com\/product\/yoast-seo-wordpress\/ -->\n<title>Amazing hikes in C\u00e9vennes National Park - H\u00f4tel le Pont Neuf - Florac<\/title>\n<meta name=\"description\" content=\"Near to our hotel, you&#039;ll find paths and trails to discover our stunning nature. Easy ones or with more difficulties, hiking is for everyone here !\" \/>\n<meta name=\"robots\" content=\"index, follow, max-snippet:-1, max-image-preview:large, max-video-preview:-1\" \/>\n<link rel=\"canonical\" href=\"https:\/\/www.florac-hotel-pontneuf.fr\/en\/hiking\/\" \/>\n<meta property=\"og:locale\" content=\"en_US\" \/>\n<meta property=\"og:type\" content=\"article\" \/>\n<meta property=\"og:title\" content=\"Amazing hikes in C\u00e9vennes National Park - H\u00f4tel le Pont Neuf - Florac\" \/>\n<meta property=\"og:description\" content=\"Near to our hotel, you&#039;ll find paths and trails to discover our stunning nature. Easy ones or with more difficulties, hiking is for everyone here !\" \/>\n<meta property=\"og:url\" content=\"https:\/\/www.florac-hotel-pontneuf.fr\/en\/hiking\/\" \/>\n<meta property=\"og:site_name\" content=\"H\u00f4tel le Pont Neuf - Florac\" \/>\n<meta property=\"article:modified_time\" content=\"2020-05-12T16:55:23+00:00\" \/>\n<meta name=\"twitter:card\" content=\"summary_large_image\" \/>\n<meta name=\"twitter:label1\" content=\"Est. reading time\" \/>\n\t<meta name=\"twitter:data1\" content=\"1 minute\" \/>\n<script type=\"application\/ld+json\" class=\"yoast-schema-graph\">{\"@context\":\"https:\\\/\\\/schema.org\",\"@graph\":[{\"@type\":\"WebPage\",\"@id\":\"https:\\\/\\\/www.florac-hotel-pontneuf.fr\\\/en\\\/hiking\\\/\",\"url\":\"https:\\\/\\\/www.florac-hotel-pontneuf.fr\\\/en\\\/hiking\\\/\",\"name\":\"Amazing hikes in C\u00e9vennes National Park - H\u00f4tel le Pont Neuf - Florac\",\"isPartOf\":{\"@id\":\"https:\\\/\\\/www.florac-hotel-pontneuf.fr\\\/en\\\/#website\"},\"datePublished\":\"2020-04-15T15:32:52+00:00\",\"dateModified\":\"2020-05-12T16:55:23+00:00\",\"description\":\"Near to our hotel, you'll find paths and trails to discover our stunning nature. Easy ones or with more difficulties, hiking is for everyone here !\",\"breadcrumb\":{\"@id\":\"https:\\\/\\\/www.florac-hotel-pontneuf.fr\\\/en\\\/hiking\\\/#breadcrumb\"},\"inLanguage\":\"en-US\",\"potentialAction\":[{\"@type\":\"ReadAction\",\"target\":[\"https:\\\/\\\/www.florac-hotel-pontneuf.fr\\\/en\\\/hiking\\\/\"]}]},{\"@type\":\"BreadcrumbList\",\"@id\":\"https:\\\/\\\/www.florac-hotel-pontneuf.fr\\\/en\\\/hiking\\\/#breadcrumb\",\"itemListElement\":[{\"@type\":\"ListItem\",\"position\":1,\"name\":\"Home\",\"item\":\"https:\\\/\\\/www.florac-hotel-pontneuf.fr\\\/en\\\/\"},{\"@type\":\"ListItem\",\"position\":2,\"name\":\"Hiking\"}]},{\"@type\":\"WebSite\",\"@id\":\"https:\\\/\\\/www.florac-hotel-pontneuf.fr\\\/en\\\/#website\",\"url\":\"https:\\\/\\\/www.florac-hotel-pontneuf.fr\\\/en\\\/\",\"name\":\"H\u00f4tel le Pont Neuf - Florac\",\"description\":\"S\u00e9journez \u00e0 Florac en Loz\u00e8re\",\"potentialAction\":[{\"@type\":\"SearchAction\",\"target\":{\"@type\":\"EntryPoint\",\"urlTemplate\":\"https:\\\/\\\/www.florac-hotel-pontneuf.fr\\\/en\\\/?s={search_term_string}\"},\"query-input\":{\"@type\":\"PropertyValueSpecification\",\"valueRequired\":true,\"valueName\":\"search_term_string\"}}],\"inLanguage\":\"en-US\"}]}<\/script>\n<!-- \/ Yoast SEO plugin. -->","yoast_head_json":{"title":"Amazing hikes in C\u00e9vennes National Park - H\u00f4tel le Pont Neuf - Florac","description":"Near to our hotel, you'll find paths and trails to discover our stunning nature. Easy ones or with more difficulties, hiking is for everyone here !","robots":{"index":"index","follow":"follow","max-snippet":"max-snippet:-1","max-image-preview":"max-image-preview:large","max-video-preview":"max-video-preview:-1"},"canonical":"https:\/\/www.florac-hotel-pontneuf.fr\/en\/hiking\/","og_locale":"en_US","og_type":"article","og_title":"Amazing hikes in C\u00e9vennes National Park - H\u00f4tel le Pont Neuf - Florac","og_description":"Near to our hotel, you'll find paths and trails to discover our stunning nature. Easy ones or with more difficulties, hiking is for everyone here !","og_url":"https:\/\/www.florac-hotel-pontneuf.fr\/en\/hiking\/","og_site_name":"H\u00f4tel le Pont Neuf - Florac","article_modified_time":"2020-05-12T16:55:23+00:00","twitter_card":"summary_large_image","twitter_misc":{"Est. reading time":"1 minute"},"schema":{"@context":"https:\/\/schema.org","@graph":[{"@type":"WebPage","@id":"https:\/\/www.florac-hotel-pontneuf.fr\/en\/hiking\/","url":"https:\/\/www.florac-hotel-pontneuf.fr\/en\/hiking\/","name":"Amazing hikes in C\u00e9vennes National Park - H\u00f4tel le Pont Neuf - Florac","isPartOf":{"@id":"https:\/\/www.florac-hotel-pontneuf.fr\/en\/#website"},"datePublished":"2020-04-15T15:32:52+00:00","dateModified":"2020-05-12T16:55:23+00:00","description":"Near to our hotel, you'll find paths and trails to discover our stunning nature. Easy ones or with more difficulties, hiking is for everyone here !","breadcrumb":{"@id":"https:\/\/www.florac-hotel-pontneuf.fr\/en\/hiking\/#breadcrumb"},"inLanguage":"en-US","potentialAction":[{"@type":"ReadAction","target":["https:\/\/www.florac-hotel-pontneuf.fr\/en\/hiking\/"]}]},{"@type":"BreadcrumbList","@id":"https:\/\/www.florac-hotel-pontneuf.fr\/en\/hiking\/#breadcrumb","itemListElement":[{"@type":"ListItem","position":1,"name":"Home","item":"https:\/\/www.florac-hotel-pontneuf.fr\/en\/"},{"@type":"ListItem","position":2,"name":"Hiking"}]},{"@type":"WebSite","@id":"https:\/\/www.florac-hotel-pontneuf.fr\/en\/#website","url":"https:\/\/www.florac-hotel-pontneuf.fr\/en\/","name":"H\u00f4tel le Pont Neuf - Florac","description":"S\u00e9journez \u00e0 Florac en Loz\u00e8re","potentialAction":[{"@type":"SearchAction","target":{"@type":"EntryPoint","urlTemplate":"https:\/\/www.florac-hotel-pontneuf.fr\/en\/?s={search_term_string}"},"query-input":{"@type":"PropertyValueSpecification","valueRequired":true,"valueName":"search_term_string"}}],"inLanguage":"en-US"}]}},"_links":{"self":[{"href":"https:\/\/www.florac-hotel-pontneuf.fr\/en\/wp-json\/wp\/v2\/pages\/8471","targetHints":{"allow":["GET"]}}],"collection":[{"href":"https:\/\/www.florac-hotel-pontneuf.fr\/en\/wp-json\/wp\/v2\/pages"}],"about":[{"href":"https:\/\/www.florac-hotel-pontneuf.fr\/en\/wp-json\/wp\/v2\/types\/page"}],"author":[{"embeddable":true,"href":"https:\/\/www.florac-hotel-pontneuf.fr\/en\/wp-json\/wp\/v2\/users\/18"}],"replies":[{"embeddable":true,"href":"https:\/\/www.florac-hotel-pontneuf.fr\/en\/wp-json\/wp\/v2\/comments?post=8471"}],"version-history":[{"count":4,"href":"https:\/\/www.florac-hotel-pontneuf.fr\/en\/wp-json\/wp\/v2\/pages\/8471\/revisions"}],"predecessor-version":[{"id":8558,"href":"https:\/\/www.florac-hotel-pontneuf.fr\/en\/wp-json\/wp\/v2\/pages\/8471\/revisions\/8558"}],"wp:attachment":[{"href":"https:\/\/www.florac-hotel-pontneuf.fr\/en\/wp-json\/wp\/v2\/media?parent=8471"}],"curies":[{"name":"wp","href":"https:\/\/api.w.org\/{rel}","templated":true}]}}